{"id":6,"date":"2023-06-26T16:22:59","date_gmt":"2023-06-26T16:22:59","guid":{"rendered":"https:\/\/trulab.co\/?page_id=6"},"modified":"2024-02-14T10:33:39","modified_gmt":"2024-02-14T15:33:39","slug":"proximamente","status":"publish","type":"page","link":"https:\/\/trulab.co\/en\/proximamente\/","title":{"rendered":"Pr\u00f3ximamente"},"content":{"rendered":"<div data-elementor-type=\"wp-post\" data-elementor-id=\"6\" class=\"elementor elementor-6\" data-elementor-post-type=\"page\">\n\t\t\t\t\t\t<section data-particle_enable=\"false\" data-particle-mobile-disabled=\"false\" class=\"has_ae_slider elementor-section elementor-top-section elementor-element elementor-element-37df507c elementor-section-height-min-height elementor-section-items-top elementor-section-boxed elementor-section-height-default ae-bg-gallery-type-default\" data-id=\"37df507c\" data-element_type=\"section\" data-e-type=\"section\" data-settings=\"{&quot;background_background&quot;:&quot;classic&quot;}\">\n\t\t\t\t\t\t\t<div class=\"elementor-background-overlay\"><\/div>\n\t\t\t\t\t\t\t<div class=\"elementor-container elementor-column-gap-no\">\n\t\t\t\t\t<div class=\"has_ae_slider elementor-column elementor-col-100 elementor-top-column elementor-element elementor-element-69a6258b ae-bg-gallery-type-default\" data-id=\"69a6258b\" data-element_type=\"column\" data-e-type=\"column\" data-settings=\"{&quot;background_background&quot;:&quot;classic&quot;}\">\n\t\t\t<div class=\"elementor-widget-wrap elementor-element-populated\">\n\t\t\t\t\t\t<div class=\"elementor-element elementor-element-32912d6 elementor-widget elementor-widget-theme-site-logo elementor-widget-image\" data-id=\"32912d6\" data-element_type=\"widget\" data-e-type=\"widget\" data-widget_type=\"theme-site-logo.default\">\n\t\t\t\t<div class=\"elementor-widget-container\">\n\t\t\t\t\t\t\t\t\t\t\t<a href=\"https:\/\/trulab.co\/en\">\n\t\t\t<img fetchpriority=\"high\" decoding=\"async\" width=\"3760\" height=\"1250\" src=\"https:\/\/trulab.co\/wp-content\/uploads\/2023\/06\/Logo-Trulab-Basico-07.png\" class=\"attachment-full size-full wp-image-801\" alt=\"\" srcset=\"https:\/\/trulab.co\/wp-content\/uploads\/2023\/06\/Logo-Trulab-Basico-07.png 3760w, https:\/\/trulab.co\/wp-content\/uploads\/2023\/06\/Logo-Trulab-Basico-07-300x100.png 300w, https:\/\/trulab.co\/wp-content\/uploads\/2023\/06\/Logo-Trulab-Basico-07-1024x340.png 1024w, https:\/\/trulab.co\/wp-content\/uploads\/2023\/06\/Logo-Trulab-Basico-07-768x255.png 768w, https:\/\/trulab.co\/wp-content\/uploads\/2023\/06\/Logo-Trulab-Basico-07-1536x511.png 1536w, https:\/\/trulab.co\/wp-content\/uploads\/2023\/06\/Logo-Trulab-Basico-07-2048x681.png 2048w\" sizes=\"(max-width: 3760px) 100vw, 3760px\" \/>\t\t\t\t<\/a>\n\t\t\t\t\t\t\t\t\t\t\t<\/div>\n\t\t\t\t<\/div>\n\t\t\t\t<div class=\"elementor-element elementor-element-5d689f97 elementor-widget elementor-widget-heading\" data-id=\"5d689f97\" data-element_type=\"widget\" data-e-type=\"widget\" data-widget_type=\"heading.default\">\n\t\t\t\t<div class=\"elementor-widget-container\">\n\t\t\t\t\t<h2 class=\"elementor-heading-title elementor-size-default\">We are not an accelerator, nor a consultant, we are<\/h2>\t\t\t\t<\/div>\n\t\t\t\t<\/div>\n\t\t\t\t<div class=\"elementor-element elementor-element-5cf5277 elementor-widget elementor-widget-heading\" data-id=\"5cf5277\" data-element_type=\"widget\" data-e-type=\"widget\" data-widget_type=\"heading.default\">\n\t\t\t\t<div class=\"elementor-widget-container\">\n\t\t\t\t\t<h2 class=\"elementor-heading-title elementor-size-default\">Ecosystem Builder<\/h2>\t\t\t\t<\/div>\n\t\t\t\t<\/div>\n\t\t\t\t<div class=\"elementor-element elementor-element-293d33c9 elementor-widget-divider--view-line elementor-widget elementor-widget-divider\" data-id=\"293d33c9\" data-element_type=\"widget\" data-e-type=\"widget\" data-widget_type=\"divider.default\">\n\t\t\t\t<div class=\"elementor-widget-container\">\n\t\t\t\t\t\t\t<div class=\"elementor-divider\">\n\t\t\t<span class=\"elementor-divider-separator\">\n\t\t\t\t\t\t<\/span>\n\t\t<\/div>\n\t\t\t\t\t\t<\/div>\n\t\t\t\t<\/div>\n\t\t\t\t<div class=\"elementor-element elementor-element-51f45186 elementor-widget elementor-widget-heading\" data-id=\"51f45186\" data-element_type=\"widget\" data-e-type=\"widget\" data-widget_type=\"heading.default\">\n\t\t\t\t<div class=\"elementor-widget-container\">\n\t\t\t\t\t<h6 class=\"elementor-heading-title elementor-size-default\">SOONLY HERE OUR WEBSITE<\/h6>\t\t\t\t<\/div>\n\t\t\t\t<\/div>\n\t\t\t\t<div class=\"elementor-element elementor-element-27ab7121 elementor-widget elementor-widget-spacer\" data-id=\"27ab7121\" data-element_type=\"widget\" data-e-type=\"widget\" data-widget_type=\"spacer.default\">\n\t\t\t\t<div class=\"elementor-widget-container\">\n\t\t\t\t\t\t\t<div class=\"elementor-spacer\">\n\t\t\t<div class=\"elementor-spacer-inner\"><\/div>\n\t\t<\/div>\n\t\t\t\t\t\t<\/div>\n\t\t\t\t<\/div>\n\t\t\t\t<div class=\"elementor-element elementor-element-35811e00 elementor-countdown--label-block elementor-widget elementor-widget-countdown\" data-id=\"35811e00\" data-element_type=\"widget\" data-e-type=\"widget\" data-widget_type=\"countdown.default\">\n\t\t\t\t<div class=\"elementor-widget-container\">\n\t\t\t\t\t\t\t<div class=\"elementor-countdown-wrapper\" data-date=\"1708093260\">\n\t\t\t<div class=\"elementor-countdown-item\"><span class=\"elementor-countdown-digits elementor-countdown-days\"><\/span> <span class=\"elementor-countdown-label\">Days<\/span><\/div><div class=\"elementor-countdown-item\"><span class=\"elementor-countdown-digits elementor-countdown-hours\"><\/span> <span class=\"elementor-countdown-label\">Hours<\/span><\/div><div class=\"elementor-countdown-item\"><span class=\"elementor-countdown-digits elementor-countdown-minutes\"><\/span> <span class=\"elementor-countdown-label\">Minutes<\/span><\/div><div class=\"elementor-countdown-item\"><span class=\"elementor-countdown-digits elementor-countdown-seconds\"><\/span> <span class=\"elementor-countdown-label\">Seconds<\/span><\/div>\t\t<\/div>\n\t\t\t\t\t\t<\/div>\n\t\t\t\t<\/div>\n\t\t\t\t<div class=\"elementor-element elementor-element-7605f5a1 elementor-icon-list--layout-inline elementor-tablet-align-center elementor-align-center elementor-list-item-link-full_width elementor-widget elementor-widget-icon-list\" data-id=\"7605f5a1\" data-element_type=\"widget\" data-e-type=\"widget\" data-widget_type=\"icon-list.default\">\n\t\t\t\t<div class=\"elementor-widget-container\">\n\t\t\t\t\t\t\t<ul class=\"elementor-icon-list-items elementor-inline-items\">\n\t\t\t\t\t\t\t<li class=\"elementor-icon-list-item elementor-inline-item\">\n\t\t\t\t\t\t\t\t\t\t\t<a href=\"#\">\n\n\t\t\t\t\t\t\t\t\t\t\t\t<span class=\"elementor-icon-list-icon\">\n\t\t\t\t\t\t\t<i aria-hidden=\"true\" class=\"fas fa-phone-alt\"><\/i>\t\t\t\t\t\t<\/span>\n\t\t\t\t\t\t\t\t\t\t<span class=\"elementor-icon-list-text\">+57 312 835 24 22<\/span>\n\t\t\t\t\t\t\t\t\t\t\t<\/a>\n\t\t\t\t\t\t\t\t\t<\/li>\n\t\t\t\t\t\t\t\t<li class=\"elementor-icon-list-item elementor-inline-item\">\n\t\t\t\t\t\t\t\t\t\t\t<a href=\"#\">\n\n\t\t\t\t\t\t\t\t\t\t\t\t<span class=\"elementor-icon-list-icon\">\n\t\t\t\t\t\t\t<i aria-hidden=\"true\" class=\"fas fa-envelope-open-text\"><\/i>\t\t\t\t\t\t<\/span>\n\t\t\t\t\t\t\t\t\t\t<span class=\"elementor-icon-list-text\">admin@el-lab.co<\/span>\n\t\t\t\t\t\t\t\t\t\t\t<\/a>\n\t\t\t\t\t\t\t\t\t<\/li>\n\t\t\t\t\t\t\t\t<li class=\"elementor-icon-list-item elementor-inline-item\">\n\t\t\t\t\t\t\t\t\t\t\t<span class=\"elementor-icon-list-icon\">\n\t\t\t\t\t\t\t<i aria-hidden=\"true\" class=\"fas fa-map-marker-alt\"><\/i>\t\t\t\t\t\t<\/span>\n\t\t\t\t\t\t\t\t\t\t<span class=\"elementor-icon-list-text\">Calle 4B # 35A - 11, Cali, B-San Fernando<\/span>\n\t\t\t\t\t\t\t\t\t<\/li>\n\t\t\t\t\t\t<\/ul>\n\t\t\t\t\t\t<\/div>\n\t\t\t\t<\/div>\n\t\t\t\t<div class=\"elementor-element elementor-element-729b14bc elementor-shape-circle elementor-grid-5 e-grid-align-right elementor-grid-tablet-0 e-grid-align-tablet-center elementor-widget elementor-widget-social-icons\" data-id=\"729b14bc\" data-element_type=\"widget\" data-e-type=\"widget\" data-widget_type=\"social-icons.default\">\n\t\t\t\t<div class=\"elementor-widget-container\">\n\t\t\t\t\t\t\t<div class=\"elementor-social-icons-wrapper elementor-grid\" role=\"list\">\n\t\t\t\t\t\t\t<span class=\"elementor-grid-item\" role=\"listitem\">\n\t\t\t\t\t<a class=\"elementor-icon elementor-social-icon elementor-social-icon-linkedin elementor-repeater-item-aed209b\" href=\"https:\/\/www.linkedin.com\/company\/ellabinnovacion\/\" target=\"_blank\">\n\t\t\t\t\t\t<span class=\"elementor-screen-only\">Linkedin<\/span>\n\t\t\t\t\t\t<i aria-hidden=\"true\" class=\"fab fa-linkedin\"><\/i>\t\t\t\t\t<\/a>\n\t\t\t\t<\/span>\n\t\t\t\t\t\t\t<span class=\"elementor-grid-item\" role=\"listitem\">\n\t\t\t\t\t<a class=\"elementor-icon elementor-social-icon elementor-social-icon-instagram elementor-repeater-item-3eeeac6\" href=\"https:\/\/www.instagram.com\/el.lab.cali\/\" target=\"_blank\">\n\t\t\t\t\t\t<span class=\"elementor-screen-only\">Instagram<\/span>\n\t\t\t\t\t\t<i aria-hidden=\"true\" class=\"fab fa-instagram\"><\/i>\t\t\t\t\t<\/a>\n\t\t\t\t<\/span>\n\t\t\t\t\t\t\t<span class=\"elementor-grid-item\" role=\"listitem\">\n\t\t\t\t\t<a class=\"elementor-icon elementor-social-icon elementor-social-icon-facebook elementor-repeater-item-05f9fe7\" href=\"https:\/\/www.facebook.com\/el.lab.cali\" target=\"_blank\">\n\t\t\t\t\t\t<span class=\"elementor-screen-only\">Facebook<\/span>\n\t\t\t\t\t\t<i aria-hidden=\"true\" class=\"fab fa-facebook\"><\/i>\t\t\t\t\t<\/a>\n\t\t\t\t<\/span>\n\t\t\t\t\t<\/div>\n\t\t\t\t\t\t<\/div>\n\t\t\t\t<\/div>\n\t\t\t\t\t<\/div>\n\t\t<\/div>\n\t\t\t\t\t<\/div>\n\t\t<\/section>\n\t\t\t\t<\/div>","protected":false},"excerpt":{"rendered":"<p>No somos una aceleradora, ni una consultora, somos CONSTRUCTORES DE ECOSISTEMAS PR\u00d3XIMAMENTE AQU\u00cd NUESTRO SITIO WEB D\u00edas Horas Minutos Segundos +57 312 835 24 22 admin@el-lab.co Calle 4B # 35A &#8211; 11, Cali, B-San Fernando Linkedin Instagram Facebook<\/p>","protected":false},"author":1,"featured_media":0,"parent":0,"menu_order":0,"comment_status":"closed","ping_status":"closed","template":"elementor_canvas","meta":{"_acf_changed":false,"footnotes":""},"class_list":["post-6","page","type-page","status-publish","hentry"],"acf":[],"yoast_head":"<!-- This site is optimized with the Yoast SEO Premium plugin v24.6 (Yoast SEO v27.5) - https:\/\/yoast.com\/product\/yoast-seo-premium-wordpress\/ -->\n<title>Pr\u00f3ximamente - Trulab<\/title>\n<meta name=\"robots\" content=\"index, follow, max-snippet:-1, max-image-preview:large, max-video-preview:-1\" \/>\n<link rel=\"canonical\" href=\"https:\/\/trulab.co\/en\/proximamente\/\" \/>\n<meta property=\"og:locale\" content=\"en_US\" \/>\n<meta property=\"og:type\" content=\"article\" \/>\n<meta property=\"og:title\" content=\"Pr\u00f3ximamente\" \/>\n<meta property=\"og:description\" content=\"No somos una aceleradora, ni una consultora, somos CONSTRUCTORES DE ECOSISTEMAS PR\u00d3XIMAMENTE AQU\u00cd NUESTRO SITIO WEB D\u00edas Horas Minutos Segundos +57 312 835 24 22 admin@el-lab.co Calle 4B # 35A &#8211; 11, Cali, B-San Fernando Linkedin Instagram Facebook\" \/>\n<meta property=\"og:url\" content=\"https:\/\/trulab.co\/en\/proximamente\/\" \/>\n<meta property=\"og:site_name\" content=\"Trulab\" \/>\n<meta property=\"article:modified_time\" content=\"2024-02-14T15:33:39+00:00\" \/>\n<meta property=\"og:image\" content=\"https:\/\/trulab.co\/wp-content\/uploads\/2023\/06\/Logo-Trulab-azul_hor.png\" \/>\n\t<meta property=\"og:image:width\" content=\"4500\" \/>\n\t<meta property=\"og:image:height\" content=\"4500\" \/>\n\t<meta property=\"og:image:type\" content=\"image\/png\" \/>\n<meta name=\"twitter:card\" content=\"summary_large_image\" \/>\n<meta name=\"twitter:label1\" content=\"Est. reading time\" \/>\n\t<meta name=\"twitter:data1\" content=\"1 minute\" \/>\n<script type=\"application\/ld+json\" class=\"yoast-schema-graph\">{\"@context\":\"https:\\\/\\\/schema.org\",\"@graph\":[{\"@type\":\"WebPage\",\"@id\":\"https:\\\/\\\/trulab.co\\\/proximamente\\\/\",\"url\":\"https:\\\/\\\/trulab.co\\\/proximamente\\\/\",\"name\":\"Pr\u00f3ximamente - Trulab\",\"isPartOf\":{\"@id\":\"https:\\\/\\\/trulab.co\\\/#website\"},\"datePublished\":\"2023-06-26T16:22:59+00:00\",\"dateModified\":\"2024-02-14T15:33:39+00:00\",\"breadcrumb\":{\"@id\":\"https:\\\/\\\/trulab.co\\\/proximamente\\\/#breadcrumb\"},\"inLanguage\":\"en-US\",\"potentialAction\":[{\"@type\":\"ReadAction\",\"target\":[\"https:\\\/\\\/trulab.co\\\/proximamente\\\/\"]}]},{\"@type\":\"BreadcrumbList\",\"@id\":\"https:\\\/\\\/trulab.co\\\/proximamente\\\/#breadcrumb\",\"itemListElement\":[{\"@type\":\"ListItem\",\"position\":1,\"name\":\"Home\",\"item\":\"https:\\\/\\\/trulab.co\\\/\"},{\"@type\":\"ListItem\",\"position\":2,\"name\":\"Pr\u00f3ximamente\"}]},{\"@type\":\"WebSite\",\"@id\":\"https:\\\/\\\/trulab.co\\\/#website\",\"url\":\"https:\\\/\\\/trulab.co\\\/\",\"name\":\"Trulab\",\"description\":\"Constructores de ecosistemas empresariales\",\"publisher\":{\"@id\":\"https:\\\/\\\/trulab.co\\\/#organization\"},\"potentialAction\":[{\"@type\":\"SearchAction\",\"target\":{\"@type\":\"EntryPoint\",\"urlTemplate\":\"https:\\\/\\\/trulab.co\\\/?s={search_term_string}\"},\"query-input\":{\"@type\":\"PropertyValueSpecification\",\"valueRequired\":true,\"valueName\":\"search_term_string\"}}],\"inLanguage\":\"en-US\"},{\"@type\":\"Organization\",\"@id\":\"https:\\\/\\\/trulab.co\\\/#organization\",\"name\":\"Trulab\",\"url\":\"https:\\\/\\\/trulab.co\\\/\",\"logo\":{\"@type\":\"ImageObject\",\"inLanguage\":\"en-US\",\"@id\":\"https:\\\/\\\/trulab.co\\\/#\\\/schema\\\/logo\\\/image\\\/\",\"url\":\"https:\\\/\\\/trulab.co\\\/wp-content\\\/uploads\\\/2023\\\/06\\\/Logo-Trulab-Basico-07.png\",\"contentUrl\":\"https:\\\/\\\/trulab.co\\\/wp-content\\\/uploads\\\/2023\\\/06\\\/Logo-Trulab-Basico-07.png\",\"width\":3760,\"height\":1250,\"caption\":\"Trulab\"},\"image\":{\"@id\":\"https:\\\/\\\/trulab.co\\\/#\\\/schema\\\/logo\\\/image\\\/\"}}]}<\/script>\n<!-- \/ Yoast SEO Premium plugin. -->","yoast_head_json":{"title":"Pr\u00f3ximamente - Trulab","robots":{"index":"index","follow":"follow","max-snippet":"max-snippet:-1","max-image-preview":"max-image-preview:large","max-video-preview":"max-video-preview:-1"},"canonical":"https:\/\/trulab.co\/en\/proximamente\/","og_locale":"en_US","og_type":"article","og_title":"Pr\u00f3ximamente","og_description":"No somos una aceleradora, ni una consultora, somos CONSTRUCTORES DE ECOSISTEMAS PR\u00d3XIMAMENTE AQU\u00cd NUESTRO SITIO WEB D\u00edas Horas Minutos Segundos +57 312 835 24 22 admin@el-lab.co Calle 4B # 35A &#8211; 11, Cali, B-San Fernando Linkedin Instagram Facebook","og_url":"https:\/\/trulab.co\/en\/proximamente\/","og_site_name":"Trulab","article_modified_time":"2024-02-14T15:33:39+00:00","og_image":[{"width":4500,"height":4500,"url":"https:\/\/trulab.co\/wp-content\/uploads\/2023\/06\/Logo-Trulab-azul_hor.png","type":"image\/png"}],"twitter_card":"summary_large_image","twitter_misc":{"Est. reading time":"1 minute"},"schema":{"@context":"https:\/\/schema.org","@graph":[{"@type":"WebPage","@id":"https:\/\/trulab.co\/proximamente\/","url":"https:\/\/trulab.co\/proximamente\/","name":"Pr\u00f3ximamente - Trulab","isPartOf":{"@id":"https:\/\/trulab.co\/#website"},"datePublished":"2023-06-26T16:22:59+00:00","dateModified":"2024-02-14T15:33:39+00:00","breadcrumb":{"@id":"https:\/\/trulab.co\/proximamente\/#breadcrumb"},"inLanguage":"en-US","potentialAction":[{"@type":"ReadAction","target":["https:\/\/trulab.co\/proximamente\/"]}]},{"@type":"BreadcrumbList","@id":"https:\/\/trulab.co\/proximamente\/#breadcrumb","itemListElement":[{"@type":"ListItem","position":1,"name":"Home","item":"https:\/\/trulab.co\/"},{"@type":"ListItem","position":2,"name":"Pr\u00f3ximamente"}]},{"@type":"WebSite","@id":"https:\/\/trulab.co\/#website","url":"https:\/\/trulab.co\/","name":"Trulab","description":"Constructores de ecosistemas empresariales","publisher":{"@id":"https:\/\/trulab.co\/#organization"},"potentialAction":[{"@type":"SearchAction","target":{"@type":"EntryPoint","urlTemplate":"https:\/\/trulab.co\/?s={search_term_string}"},"query-input":{"@type":"PropertyValueSpecification","valueRequired":true,"valueName":"search_term_string"}}],"inLanguage":"en-US"},{"@type":"Organization","@id":"https:\/\/trulab.co\/#organization","name":"Trulab","url":"https:\/\/trulab.co\/","logo":{"@type":"ImageObject","inLanguage":"en-US","@id":"https:\/\/trulab.co\/#\/schema\/logo\/image\/","url":"https:\/\/trulab.co\/wp-content\/uploads\/2023\/06\/Logo-Trulab-Basico-07.png","contentUrl":"https:\/\/trulab.co\/wp-content\/uploads\/2023\/06\/Logo-Trulab-Basico-07.png","width":3760,"height":1250,"caption":"Trulab"},"image":{"@id":"https:\/\/trulab.co\/#\/schema\/logo\/image\/"}}]}},"_links":{"self":[{"href":"https:\/\/trulab.co\/en\/wp-json\/wp\/v2\/pages\/6","targetHints":{"allow":["GET"]}}],"collection":[{"href":"https:\/\/trulab.co\/en\/wp-json\/wp\/v2\/pages"}],"about":[{"href":"https:\/\/trulab.co\/en\/wp-json\/wp\/v2\/types\/page"}],"author":[{"embeddable":true,"href":"https:\/\/trulab.co\/en\/wp-json\/wp\/v2\/users\/1"}],"replies":[{"embeddable":true,"href":"https:\/\/trulab.co\/en\/wp-json\/wp\/v2\/comments?post=6"}],"version-history":[{"count":0,"href":"https:\/\/trulab.co\/en\/wp-json\/wp\/v2\/pages\/6\/revisions"}],"wp:attachment":[{"href":"https:\/\/trulab.co\/en\/wp-json\/wp\/v2\/media?parent=6"}],"curies":[{"name":"wp","href":"https:\/\/api.w.org\/{rel}","templated":true}]}}